{"id":445,"date":"2020-04-23T21:47:05","date_gmt":"2020-04-23T19:47:05","guid":{"rendered":"https:\/\/www.oberhauser-bau.com\/datenschutz\/"},"modified":"2023-01-18T10:04:10","modified_gmt":"2023-01-18T09:04:10","slug":"privacy","status":"publish","type":"page","link":"https:\/\/www.oberhauser-bau.com\/it\/privacy\/","title":{"rendered":"Privacy"},"content":{"rendered":"\n<div class=\"wp-block-image size-large\"><figure class=\"aligncenter is-resized\"><img decoding=\"async\" src=\"https:\/\/www.oberhauser-bau.com\/wp-content\/uploads\/\/trenner.svg\" alt=\"\" class=\"wp-image-418\" width=\"100\" height=\"NaN\"><\/figure><\/div>\n\n\n\n<h1 class=\"wp-block-heading\">Privacy<\/h1>\n\n\n\n<h2 class=\"wp-block-heading\">Informativa Trattamento dati personali ai sensi del reg. UE 2016\/679<\/h2>\n\n\n\n<p>La ditta  Oberhauser Bau GmbH \/ Srl  informa ai sensi del reg. UE 2016\/679 (di seguito  GDPR) ed in relazione ai dati personali e sensibili di cui avr\u00e0  conoscenza e possesso, delle finalit\u00e0 e modalit\u00e0 di trattamento dei dati  degli utenti.<\/p>\n\n\n\n<p><strong>Titolare del trattamento dei dati:<\/strong><br>Titolare del  trattamento dei dati \u00e8  Oberhauser Bau GmbH \/ Srl, in persona del legale  rappresentante  Robert Oberhauser, con sede a Luson, contatto  Oberhauser Bau GmbH \/ Luson 9 I-39040 Luson, Alto Adige \u2013 Italia.<br>Il responsabile del trattamento \u00e8  Robert Oberhauser e pu\u00f2 essere contattato tramite lettera raccomandata all\u2019indirizzo  Oberhauser Bau GmbH \/ Luson 9 I-39040 Luson, Alto Adige \u2013 Italia o tramite Mail all\u2019indirizzo <a href=\"mailto:info@oberhauser-bau.com\">info@oberhauser-bau.com<\/a>.<\/p>\n\n\n\n<p><strong>Tipologia di dati trattati e persone interessate:<\/strong><br>Il\n trattamento dei dati riguarda dati personali dei clienti e\/o dei \nfornitori, dagli stessi comunicati volontariamente (di persona, tramite \ntelefono, Fax o Mail), dati comunicati con il processo di registrazione \nsul sito web e dati di persone terze ricavati tramite l\u2019accesso ad albi,\n elenchi pubblici, ecc. Con riguardo a dati di persone terze, si \nspecifica che vengono trattati solo dati personali comuni.<\/p>\n\n\n\n<p><strong>Finalit\u00e0 del trattamento dei dati:<\/strong><br>Il trattamento dei dati personali \u00e8 finalizzato unicamente a<\/p>\n\n\n\n<ol><li>adempimento degli obblighi previsti dalla normativa vigente, inclusi gli obblighi in ambito fiscale e contabile;<\/li><li>adempimento di obbligazioni contrattuali nei confronti degli interessati;<\/li><li>adempimento delle attivit\u00e0 connesse all\u2019attivit\u00e0 economica della \nsociet\u00e0, tra le quali la compilazione di anagrafiche e statistiche \ninterne, la fatturazione, la tenuta della contabilit\u00e0 clienti-fornitori<\/li><li>Elaborazione di un\u2019offerta<\/li><li>Invio di newsletter<\/li><li>Elaborazione di statistiche interne<\/li><\/ol>\n\n\n\n<p><strong>Base giuridica del trattamento dei dati personali:<\/strong><br>Il\n trattamento dei dati personali si svolger\u00e0 secondo le norme vigenti e, \nai sensi degli artt. 6 e 7 GDPR, secondo le seguenti basi giuridiche: I \ndati personali saranno trattati per l\u2019adempimento dell\u2019incarico ricevuto\n da parte dell\u2019interessato, per l\u2019esecuzione di un contratto di cui \nl\u2019interessato \u00e8 parte ed in risposta a richieste da parte \ndell\u2019interessato, per l\u2019adempimento di obblighi previsti dalla normativa\n vigente e per la tutela di interessi legittimi, come anche sulla base \ndel consenso espresso dall\u2019interessato.<\/p>\n\n\n\n<p><strong>Modalit\u00e0 del trattamento dei dati:<\/strong><br>Il trattamento\n dei dati personali \u00e8 realizzato attraverso operazioni con o senza \nstrumenti elettronici o comunque automatizzati, e consiste nella \nraccolta, registrazione, organizzazione, conservazione, consultazione, \nelaborazione, modificazione, selezione, estrazione, raffronto, utilizzo,\n interconnessione, blocco, comunicazione, cancellazione e distruzione \ndei dati.<br>Il trattamento dei dati \u00e8 svolto sia dal titolare dei dati,\n sia dagli incaricati e\/o dai responsabili dal trattamento. Questi \nultimi saranno incarati dal trattamento dei dati per l\u2019adempimento delle\n finalit\u00e0 di cui al punto 3 e\/o nei casi in cui l\u2019incarico \u00e8 previsto \ndalla normativa vigente. Il titolare del trattamento ha verificato che \ngli incaricati ed i responsabili tratteranno i dati secondo i principi \nprevisti dal GDPR.<br>I dati possono essere comunicati per le finalit\u00e0 \ndi cui al punto 3 a persone fisiche o giuridiche anche estere, e \ncomunque a tutti quei soggetti cui la comunicazione sia necessaria per \nil corretto adempimento di tale finalit\u00e0. I dati personali non sono, \nper\u00f2, soggetti a diffusione.<\/p>\n\n\n\n<p><strong>Pi\u00f9 specificamente, il trattamento dei dati personali si svolger\u00e0 con le seguenti modalit\u00e0:<\/strong><\/p>\n\n\n\n<p><strong>Account utente:<\/strong><br>I dati personali sono ricavati \ntramite la registrazione sul sito e sono trattati per fornire un account\n utente. Durante il processo di registrazione ed accesso all\u2019account \nutente, l\u2019indirizzo IP ed i singoli momenti di accesso vengono \nconservati.<br>Questi dati vengono immediatamente cancellati nel momento\n in cui l\u2019interessati cancella il suo account, tranne s\u00e9 la loro \nconservazione \u00e8 necessaria per finalit\u00e0 fiscali e contabili.<\/p>\n\n\n\n<p><strong>Contatto:<\/strong><br>Se la persona interessata entra in \ncontatto con la societ\u00e0 tramite il modulo di contatto del sito web, \ntramite mail o i social network, si trattano i dati personali forniti \ndall\u2019interessato per rispondere alle richieste, ovvero per la fornitura \ndel servizio richiesto dallo stesso. I dati personali in questo modo \nottenuti, possono esser conservati in un sistema di \u201cCustomer \nrelationship management\u201d, o sistema analogo, per gestire il contatto con\n i clienti. Le richieste degli interessati vengono cancellate nel \nmomento in cui non sono pi\u00f9 necessarie per fornire i servizi richiesti, \nescluso il solo caso in cui la loro conservazione sia necessaria per \nfinalit\u00e0 fiscali e contabili.<\/p>\n\n\n\n<p><strong>Google Tag Manager:<\/strong><br>Questo sito utilizza il \nGoogle Tag Manager, un servizio che consente di gestire i tag del sito \nweb tramite un\u2019interfaccia e attiva altri tag, che a loro volta \nraccolgono i dati, se previsto. Google Tag Manager non utilizza alcun \ncookie e non accede a dati personali eventualmente raccolti. Per avere \nmaggiori informazioni, si consiglia di consultare l\u2018informativa privacy \ndi Google (https:\/\/www.google.com\/intl\/it\/tagmanager\/use-policy.html).<\/p>\n\n\n\n<p><strong>Google Analytics:<\/strong><br>Questo sito web utilizza Google\n Analytics, un servizio di web analysis di Google Inc. Google Analytics \nutilizza una specifica forma di cookie che vengono registrati nel \ncomputer degli interessati e consente un\u2019analisi dell\u2019utilizzo da parte \ndi quest\u2019ultimo del presente sito web. Le informazioni sull\u2019uso del sito\n web generate dai cookie sono generalmente trasmesse a un server die \nGoogle negli USA dove sono archiviate.<br>Si precisa che Google \nAnalytics \u00e8 stato applicato nel presente sito web in modo tale da \nincludere il codice \u201canonymizeIP\u201d, per garantire la registrazione in \nmodo anonimo degli indirizzi IP, che vengono poi conservati su di un \nserver nel territorio dell\u2019UE e degli Stati Membri dell\u2019Area Economica \nEuropa. Solo in casi eccezionali l\u2019intero indirizzo IP viene trasmesso a\n un server di Google negli USA, dove viene poi abbreviato. Google \nutilizza le informazioni ottenute per redigere relazioni sulle attivit\u00e0 \neffettuate sul sito web. I dati personali non vengono usati per \nidentificare i visitatori del sito, i singoli utenti sono anonimi e non \nvengono trasmessi dati a persone terze.<br>Si pu\u00f2 evitare la \nmemorizzazione dei cookie regolando la relativa impostazione per il \nBrowser. Inoltre, si pu\u00f2 evitare la memorizzazione dei relativi dati da \nparte di Google scaricando e installando il plugin del Browser \ndisponibile all\u2019indirizzo \nhttps:\/\/tools.google.com\/dlpage\/gaoptout?hl=it.<\/p>\n\n\n\n<p><strong>Google Adwords e Conversion-Tracking:<\/strong><br>Questo sito\n web utilizza, inoltre, i servizi forniti da Google LLC, 1600 \nAmphitheatre Parkway Mountain View, CA 94043 USA. Google ha ottenuto il \ncertificato europeo del \u201cPrivacy Shield\u201d e garantisce di essersi \nconformata al regolamento UE concernente il trattamento dei dati \npersonali. Si utilizza Google Adwords per attirare l\u2019attenzione \ndell\u2019utente tramite inserti pubblicitari da pagine web esterne. I dati \ndelle campagne consentono di rilevare il grado di successo delle singole\n iniziative pubblicitarie e per mostrare all\u2019utente annunci pubblicitari\n di suo interesse. A tale scopo viene utilizzato un cookie che consente \ndi misurare determinati parametri come la visualizzazione degli annunci \nod i clic da parte degli utenti. Accedendo al sito tramite un annuncio \ndi Google, un cookie viene conservato sul computer dell\u2019interessato, che\n consente a Google di riconoscere il suo browser Internet. Grazie a \nquesti cookie si possono redigere statistiche di conversione dei \nclienti, acquisire informazioni sul numero totale di utenti che hanno \ncliccato su un annuncio ed avere informazioni tecniche riguardanti il \nsistema usato. Questo cookie generalmente dura 30 giorni e non raccoglie\n ne\u2019 monitora informazioni in grado di identificare personalmente un \nutente, tranne il caso in cui quest\u2019ultimo abbia autorizzato \nespressamente il trattamento dei suoi dati senza necessit\u00e0 di anonimato.\n Per saperne di pi\u00f9 \u00e8 possibile consultare l\u2019informativa privacy di \nGoogle (https:\/\/policies.google.com\/technologies\/ads).<\/p>\n\n\n\n<p><strong>Twitter:<\/strong><br>Su questo sito web \u00e8 stato inserito un \nplugin di Twitter che consente di collegare il presente sito web con \nTwitter e di trasmettere dati personali a Twitter. Inoltre, viene \nconservato un Cookie sul computer dell\u2019interessato. Twitter provvede \nentro il termine massimo di dieci giorni a cancellare, rendere anonimi \ned elaborare questi dati. Per maggiori informazioni \u00e8 possibile \nconsultare l\u2019informativa privacy di Twitter \n(https:\/\/twitter.com\/it\/pivacy).<\/p>\n\n\n\n<p><strong>Facebook:<\/strong><br>Su questo sito web sono integrati \nplugin del social network Facebook, fornito da Facebook Inc., 1601 South\n California Avenue, Palo Alto, CA 94304 USA. I plugin di Facebook sono \nriconoscibili dal logo di Facebook oppure dal tasto \u201cmi piace\u201d. Il \nplugin permette di stabilire un collegamento diretto tra il Browser \ndell\u2019interessato ed il server di Facebook. Facebook viene in tal modo \ninformato che l\u2019interessato ha visitato il presente sito ed ha cliccato \nsul tasto \u201cmi piace\u201d, mentre l\u2019interessato \u00e8 collegato al proprio \nprofilo Facebook, \u00e8 possibile linkare i contenuti di questo sito con \nl\u2019account. Ulteriori informazioni a tale proposito sono disponibili \nnell\u2019informativa privacy di Facebook \n(https:\/\/it-it.facebook.com\/policy.php).<\/p>\n\n\n\n<p><strong>Instagram:<\/strong><br>Su questo sito web sono inserite \nfunzioni del servizio Instagram Inc., 1601 Willow Road, Menlo Park, CA \n94025 USA. Questo plugin \u00e8 riconoscibile dal logo di Instagram. Con \nquesto plugin \u00e8 possibile collegare i contenuti di questo sito con il \nprofilo Instagram dell\u2019interessato e in questo modo Instagram pu\u00f2 \nassociare la visita della persona interessata con il suo profilo. \nUlteriori informazioni con riguardo alle finalit\u00e0 e modalit\u00e0 di \ntrattamento dei dati da parte di Instagram sono disponibili \nnell\u2019informativa privacy di Instagram \n(http:\/\/instagram.com\/about\/legal\/privacy\/).<\/p>\n\n\n\n<p><strong>Interazione con social media:<\/strong><br> Oberhauser Bau GmbH prevede anche la possibilit\u00e0 di un contatto tramite i social network ed  altre piattaforme, per poter comunicare con clienti, interessati e  utenti e per poter fornire informazioni circa i propri servizi forniti.  Le interazioni e le informazioni acquisite da queste piattaforme sono  soggette alle impostazioni Privacy dei singoli fornitori.<\/p>\n\n\n\n<p><strong>Comunicazione die dati per la registrazione del dominio:<\/strong><br>Per\n la registrazione del dominio dell\u2019interessato \u00e8 necessario comunicare i\n relativi dati personali al registro nazionale od internazionale \nresponsabile per la registrazione. Verranno comunicati soltanto i dati \npersonali necessari per la registrazione. Gli utenti del web hanno la \npossibilit\u00e0 di consultare e vedere i dati forniti ai registri. I \nregistri di registrazione non permettono l\u2019uso dei dati personali per \nfini commerciali od altri fini abusivi.<\/p>\n\n\n\n<p><strong>Comunicazione dei dati per certificazione:<\/strong><br>Per \nottenere il certificato SSL, i dati personali verranno comunicati agli \nappositi registri competenti. Si comunicheranno soltanto i dati \npersonali strettamente necessari. L\u2018interessato presta il proprio \nconsenso a che i dati necessari per la certificazione vengano trasmessi \nautomaticamente agli appositi registri.<\/p>\n\n\n\n<p><strong>Analisi e ricerche di mercato:<\/strong><br>Per essere \nmaggiormente informati con riguardo ai desideri dei propri utenti e dei \nclienti e per capire le tendenze del mercato, questo sito analizza e \nprofila i dati personali forniti. A tale riguardo si trattano \nspecificamente dati di contatto, dati di contratti, dati di \nfatturazione, dati d\u2019uso e generalmente i dati riguardanti interessati, \nclienti, visitatori e utenti di questo sito. La profilazione \u00e8 \nfinalizzata ad ottimizzare le offerte e la facilit\u00e0 d\u2019uso di questo sito\n web, e non verranno comunicate a persone terze.<\/p>\n\n\n\n<p><strong>Cookies:<\/strong><br>Il presente sito web utilizza cookies di\n sessione, cio\u00e8 cookies che non vengono memorizzati in modo persistente \nsul computer dell\u2019utente e svaniscono con la chiusura del browser; \nrisultano pertanto, strettamente limitati alla trasmissione di \nidentificativi di sessione. I cookies utilizzati da questo sito evitano \nil ricorso ad altre tecniche informatiche potenzialmente pregiudizievoli\n per la riservatezza, e non consentono l\u2019acquisizione di dati personali \nidentificativi o di profilazione.<\/p>\n\n\n\n<p><strong>Conferimento dei dati e rifiuto:<\/strong><br>Il conferimento \ndei dati personali \u00e8 strettamente necessario per adempiere alle finalit\u00e0\n di cui al punto 3, ed il rifiuto da parte dell\u2019interessato di conferire\n i dati personali comporta l\u2019impossibilit\u00e0 di adempiere a tali attivit\u00e0.<\/p>\n\n\n\n<p><strong>Conservazione dei dati:<\/strong><br>I dati personali sono \nconservati per il periodo necessario per l\u2019adempimento delle finalit\u00e0 di\n cui al punto 3, salvo indicazioni contrarie previste nella presente \ninformativa e salvo eventuali obblighi di conservazione previsti dalla \nnormativa vigente. Generalmente, i dati non vengono conservati per un \nperiodo superiore a due anni. Se la conservazione \u00e8 richiesta per \nfinalit\u00e0 legali, il trattamento dei dati viene limitato: ci\u00f2 significa \nche i dati verranno bloccati ed utilizzati solamente per l\u2019adempimento \ndelle finalit\u00e0 legali.<\/p>\n\n\n\n<p><strong>Diritti dell\u2018interessato:<\/strong><br>Il GDPR conferisce all\u2018interessato l\u2019esercizio di specifici diritti:<\/p>\n\n\n\n<ol><li>il diritto all\u2019accesso ai propri dati personali ed alle informazioni\n relative agli stessi, la rettifica di dati inesatti o l\u2019integrazione di\n quelli incompleti, la cancellazione dei suoi dati, la limitazione del \ntrattamento dei suoi dati e l\u2019opposizione al trattamento dei dati;<\/li><li>il diritto di richiedere ed ottenere dal titolare, ove possibile, i \nsuoi dati personali in un formato strutturato e leggibile da dispositivo\n automatico, anche al fine di comunicare tali dati ad un altro titolare \ndi trattamento;<\/li><li>il diritto di revocare il consenso in qualsiasi momento, \nlimitatamente alle ipotesi in cui il trattamento sia basato sul consenso\n per una o pi\u00f9 specifiche finalit\u00e0, senza pregiudizio per la liceit\u00e0 del\n trattamento basato sul consenso acquisito prima della revoca;<\/li><li>il diritto di proporre reclamo all\u2019Autorit\u00e0 Garante per la protezione dei dati personali.<\/li><\/ol>\n\n\n\n<p>I diritti conferiti possono essere esercitati mediante comunicazione scritta da inviare a mezzo PEC all\u2019indirizzo <a href=\"mailto:info@oberhauser-bau.com\">info@oberhauser-bau.com<\/a>, o lettera raccomandata a\/r all\u2019indirizzo  Oberhauser Bau GmbH \/  Luson 9, I-39040 Luson,  Alto Adige \u2013 Italia.<\/p>\n","protected":false},"excerpt":{"rendered":"<p>Privacy Informativa Trattamento dati personali ai sensi del reg. UE 2016\/679 La ditta Oberhauser Bau GmbH \/ Srl informa ai sensi del reg. UE 2016\/679 (di<span class=\"excerpt-hellip\"> [\u2026]<\/span><\/p>\n","protected":false},"author":1,"featured_media":0,"parent":0,"menu_order":0,"comment_status":"closed","ping_status":"open","template":"","meta":{"footnotes":""},"yoast_head":"<!-- This site is optimized with the Yoast SEO plugin v21.9.1 - https:\/\/yoast.com\/wordpress\/plugins\/seo\/ -->\n<title>Privacy - Oberhauser Bau<\/title>\n<meta name=\"robots\" content=\"index, follow, max-snippet:-1, max-image-preview:large, max-video-preview:-1\" \/>\n<link rel=\"canonical\" href=\"https:\/\/www.oberhauser-bau.com\/it\/privacy\/\" \/>\n<meta property=\"og:locale\" content=\"it_IT\" \/>\n<meta property=\"og:type\" content=\"article\" \/>\n<meta property=\"og:title\" content=\"Privacy - Oberhauser Bau\" \/>\n<meta property=\"og:description\" content=\"Privacy Informativa Trattamento dati personali ai sensi del reg. UE 2016\/679 La ditta Oberhauser Bau GmbH \/ Srl informa ai sensi del reg. UE 2016\/679 (di [\u2026]\" \/>\n<meta property=\"og:url\" content=\"https:\/\/www.oberhauser-bau.com\/it\/privacy\/\" \/>\n<meta property=\"og:site_name\" content=\"Oberhauser Bau\" \/>\n<meta property=\"article:modified_time\" content=\"2023-01-18T09:04:10+00:00\" \/>\n<meta property=\"og:image\" content=\"https:\/\/www.oberhauser-bau.com\/wp-content\/uploads\/\/trenner.svg\" \/>\n<meta name=\"twitter:card\" content=\"summary_large_image\" \/>\n<meta name=\"twitter:label1\" content=\"Tempo di lettura stimato\" \/>\n\t<meta name=\"twitter:data1\" content=\"11 minuti\" \/>\n<script type=\"application\/ld+json\" class=\"yoast-schema-graph\">{\"@context\":\"https:\/\/schema.org\",\"@graph\":[{\"@type\":\"WebPage\",\"@id\":\"https:\/\/www.oberhauser-bau.com\/it\/privacy\/\",\"url\":\"https:\/\/www.oberhauser-bau.com\/it\/privacy\/\",\"name\":\"Privacy - Oberhauser Bau\",\"isPartOf\":{\"@id\":\"https:\/\/www.oberhauser-bau.com\/it\/#website\"},\"datePublished\":\"2020-04-23T19:47:05+00:00\",\"dateModified\":\"2023-01-18T09:04:10+00:00\",\"breadcrumb\":{\"@id\":\"https:\/\/www.oberhauser-bau.com\/it\/privacy\/#breadcrumb\"},\"inLanguage\":\"it-IT\",\"potentialAction\":[{\"@type\":\"ReadAction\",\"target\":[\"https:\/\/www.oberhauser-bau.com\/it\/privacy\/\"]}]},{\"@type\":\"BreadcrumbList\",\"@id\":\"https:\/\/www.oberhauser-bau.com\/it\/privacy\/#breadcrumb\",\"itemListElement\":[{\"@type\":\"ListItem\",\"position\":1,\"name\":\"Startseite\",\"item\":\"https:\/\/www.oberhauser-bau.com\/it\/\"},{\"@type\":\"ListItem\",\"position\":2,\"name\":\"Privacy\"}]},{\"@type\":\"WebSite\",\"@id\":\"https:\/\/www.oberhauser-bau.com\/it\/#website\",\"url\":\"https:\/\/www.oberhauser-bau.com\/it\/\",\"name\":\"Oberhauser Bau\",\"description\":\"Baufirma in L\u00fcsen\",\"potentialAction\":[{\"@type\":\"SearchAction\",\"target\":{\"@type\":\"EntryPoint\",\"urlTemplate\":\"https:\/\/www.oberhauser-bau.com\/it\/?s={search_term_string}\"},\"query-input\":\"required name=search_term_string\"}],\"inLanguage\":\"it-IT\"}]}<\/script>\n<!-- \/ Yoast SEO plugin. -->","yoast_head_json":{"title":"Privacy - Oberhauser Bau","robots":{"index":"index","follow":"follow","max-snippet":"max-snippet:-1","max-image-preview":"max-image-preview:large","max-video-preview":"max-video-preview:-1"},"canonical":"https:\/\/www.oberhauser-bau.com\/it\/privacy\/","og_locale":"it_IT","og_type":"article","og_title":"Privacy - Oberhauser Bau","og_description":"Privacy Informativa Trattamento dati personali ai sensi del reg. UE 2016\/679 La ditta Oberhauser Bau GmbH \/ Srl informa ai sensi del reg. UE 2016\/679 (di [\u2026]","og_url":"https:\/\/www.oberhauser-bau.com\/it\/privacy\/","og_site_name":"Oberhauser Bau","article_modified_time":"2023-01-18T09:04:10+00:00","og_image":[{"url":"https:\/\/www.oberhauser-bau.com\/wp-content\/uploads\/\/trenner.svg"}],"twitter_card":"summary_large_image","twitter_misc":{"Tempo di lettura stimato":"11 minuti"},"schema":{"@context":"https:\/\/schema.org","@graph":[{"@type":"WebPage","@id":"https:\/\/www.oberhauser-bau.com\/it\/privacy\/","url":"https:\/\/www.oberhauser-bau.com\/it\/privacy\/","name":"Privacy - Oberhauser Bau","isPartOf":{"@id":"https:\/\/www.oberhauser-bau.com\/it\/#website"},"datePublished":"2020-04-23T19:47:05+00:00","dateModified":"2023-01-18T09:04:10+00:00","breadcrumb":{"@id":"https:\/\/www.oberhauser-bau.com\/it\/privacy\/#breadcrumb"},"inLanguage":"it-IT","potentialAction":[{"@type":"ReadAction","target":["https:\/\/www.oberhauser-bau.com\/it\/privacy\/"]}]},{"@type":"BreadcrumbList","@id":"https:\/\/www.oberhauser-bau.com\/it\/privacy\/#breadcrumb","itemListElement":[{"@type":"ListItem","position":1,"name":"Startseite","item":"https:\/\/www.oberhauser-bau.com\/it\/"},{"@type":"ListItem","position":2,"name":"Privacy"}]},{"@type":"WebSite","@id":"https:\/\/www.oberhauser-bau.com\/it\/#website","url":"https:\/\/www.oberhauser-bau.com\/it\/","name":"Oberhauser Bau","description":"Baufirma in L\u00fcsen","potentialAction":[{"@type":"SearchAction","target":{"@type":"EntryPoint","urlTemplate":"https:\/\/www.oberhauser-bau.com\/it\/?s={search_term_string}"},"query-input":"required name=search_term_string"}],"inLanguage":"it-IT"}]}},"_links":{"self":[{"href":"https:\/\/www.oberhauser-bau.com\/it\/wp-json\/wp\/v2\/pages\/445"}],"collection":[{"href":"https:\/\/www.oberhauser-bau.com\/it\/wp-json\/wp\/v2\/pages"}],"about":[{"href":"https:\/\/www.oberhauser-bau.com\/it\/wp-json\/wp\/v2\/types\/page"}],"author":[{"embeddable":true,"href":"https:\/\/www.oberhauser-bau.com\/it\/wp-json\/wp\/v2\/users\/1"}],"replies":[{"embeddable":true,"href":"https:\/\/www.oberhauser-bau.com\/it\/wp-json\/wp\/v2\/comments?post=445"}],"version-history":[{"count":0,"href":"https:\/\/www.oberhauser-bau.com\/it\/wp-json\/wp\/v2\/pages\/445\/revisions"}],"wp:attachment":[{"href":"https:\/\/www.oberhauser-bau.com\/it\/wp-json\/wp\/v2\/media?parent=445"}],"curies":[{"name":"wp","href":"https:\/\/api.w.org\/{rel}","templated":true}]}}